{"id":713,"date":"2021-10-06T20:51:39","date_gmt":"2021-10-06T18:51:39","guid":{"rendered":"https:\/\/asl.xindaya.ch\/ekspertiza\/"},"modified":"2021-10-11T19:45:25","modified_gmt":"2021-10-11T17:45:25","slug":"ekspertiza","status":"publish","type":"page","link":"https:\/\/www.simic-law.ch\/srb\/ekspertiza\/","title":{"rendered":"Oblasti rada"},"content":{"rendered":"\n<div class=\"wp-block-cover alignfull has-nv-site-bg-background-color has-background-dim\" style=\"min-height:300px;aspect-ratio:unset;\"><div class=\"wp-block-cover__inner-container is-layout-flow wp-block-cover-is-layout-flow\">\n<h1 class=\"has-text-align-left has-neve-link-color-color has-text-color wp-block-heading\"><strong>Oblasti rada <\/strong><\/h1>\n<\/div><\/div>\n\n<div class=\"wp-block-cover alignfull has-nv-light-bg-background-color has-background-dim\" style=\"min-height:600px;aspect-ratio:unset;\"><div class=\"wp-block-cover__inner-container is-layout-flow wp-block-cover-is-layout-flow\">\n<div class=\"wp-block-group\"><div class=\"wp-block-group__inner-container is-layout-flow wp-block-group-is-layout-flow\">\n<div style=\"height:80px\" aria-hidden=\"true\" class=\"wp-block-spacer\"><\/div>\n\n\n\n<div class=\"wp-block-columns are-vertically-aligned-center is-layout-flex wp-container-core-columns-is-layout-9d6595d7 wp-block-columns-is-layout-flex\">\n<div class=\"wp-block-column is-vertically-aligned-center is-layout-flow wp-block-column-is-layout-flow\" style=\"flex-basis:62%\">\n<h2 class=\"has-text-align-left has-neve-text-color-color has-text-color wp-block-heading\">Razvodi i razdvajanje bra\u010dne zajednice<\/h2>\n\n\n\n<p class=\"has-text-align-left has-neve-text-color-color has-text-color has-medium-font-size\"><meta charset=\"utf-8\"\/>Te\u017ei\u0161ta mog rada su postupci za razvod i razdvajanje bra\u010dne zajednice kao i savetovanje pri sporazumima o posledicama razvoda i razdvajanja bra\u010dne zajednice. <\/p>\n\n\n\n<p class=\"has-text-align-left has-neve-text-color-color has-text-color has-medium-font-size\">U principu tra\u017eim da se na\u0111e sporazumno re\u0161enje, ali ne bojim se toga da sprovedem Va\u0161e interese putem parnice. Ukoliko je internacionalan okvir vezan za Va\u0161u molbu porodi\u010dnog prava, ja sam prava kontakt-osoba za Vas, jer imam dosta iskustva sa slu\u010dajevima koji obuhva\u0107aju vi\u0161e dr\u017eava.<\/p>\n\n\n\n<div class=\"wp-block-buttons is-content-justification-left is-layout-flex wp-block-buttons-is-layout-flex\">\n<div class=\"wp-block-button is-style-primary\"><a class=\"wp-block-button__link\" href=\"https:\/\/www.simic-law.ch\/srb\/kontakt\/\">KONTAKT<\/a><\/div>\n<\/div>\n\n\n\n<div style=\"height:40px\" aria-hidden=\"true\" class=\"wp-block-spacer\"><\/div>\n<\/div>\n\n\n\n<div class=\"wp-block-column is-vertically-aligned-center is-layout-flow wp-block-column-is-layout-flow\" style=\"flex-basis:38%\">\n<figure class=\"wp-block-image size-large\"><img loading=\"lazy\" decoding=\"async\" width=\"1024\" height=\"1024\" src=\"https:\/\/www.simic-law.ch\/wp-content\/uploads\/2021\/09\/trennungen-scheidungen-1024x1024.jpg\" alt=\"\" class=\"wp-image-598\" srcset=\"https:\/\/www.simic-law.ch\/wp-content\/uploads\/2021\/09\/trennungen-scheidungen-1024x1024.jpg 1024w, https:\/\/www.simic-law.ch\/wp-content\/uploads\/2021\/09\/trennungen-scheidungen-300x300.jpg 300w, https:\/\/www.simic-law.ch\/wp-content\/uploads\/2021\/09\/trennungen-scheidungen-150x150.jpg 150w, https:\/\/www.simic-law.ch\/wp-content\/uploads\/2021\/09\/trennungen-scheidungen-768x768.jpg 768w, https:\/\/www.simic-law.ch\/wp-content\/uploads\/2021\/09\/trennungen-scheidungen.jpg 1280w\" sizes=\"auto, (max-width: 1024px) 100vw, 1024px\" \/><\/figure><\/div>\n<\/div>\n\n\n\n<div style=\"height:40px\" aria-hidden=\"true\" class=\"wp-block-spacer\"><\/div>\n<\/div><\/div>\n<\/div><\/div>\n\n<div class=\"wp-block-cover alignfull has-nv-site-bg-background-color has-background-dim\" style=\"min-height:600px;aspect-ratio:unset;\"><div class=\"wp-block-cover__inner-container is-layout-flow wp-block-cover-is-layout-flow\">\n<div class=\"wp-block-group\"><div class=\"wp-block-group__inner-container is-layout-flow wp-block-group-is-layout-flow\">\n<div style=\"height:80px\" aria-hidden=\"true\" class=\"wp-block-spacer\"><\/div>\n\n\n\n<div class=\"wp-block-columns are-vertically-aligned-center is-layout-flex wp-container-core-columns-is-layout-9d6595d7 wp-block-columns-is-layout-flex\">\n<div class=\"wp-block-column is-vertically-aligned-center is-layout-flow wp-block-column-is-layout-flow\" style=\"flex-basis:38%\">\n<figure class=\"wp-block-image size-large\"><img loading=\"lazy\" decoding=\"async\" width=\"1024\" height=\"1024\" src=\"https:\/\/www.simic-law.ch\/wp-content\/uploads\/2021\/09\/strafrecht-1024x1024.jpg\" alt=\"\" class=\"wp-image-596\" srcset=\"https:\/\/www.simic-law.ch\/wp-content\/uploads\/2021\/09\/strafrecht-1024x1024.jpg 1024w, https:\/\/www.simic-law.ch\/wp-content\/uploads\/2021\/09\/strafrecht-300x300.jpg 300w, https:\/\/www.simic-law.ch\/wp-content\/uploads\/2021\/09\/strafrecht-150x150.jpg 150w, https:\/\/www.simic-law.ch\/wp-content\/uploads\/2021\/09\/strafrecht-768x768.jpg 768w, https:\/\/www.simic-law.ch\/wp-content\/uploads\/2021\/09\/strafrecht.jpg 1079w\" sizes=\"auto, (max-width: 1024px) 100vw, 1024px\" \/><\/figure><\/div>\n\n\n\n<div class=\"wp-block-column is-vertically-aligned-center is-layout-flow wp-block-column-is-layout-flow\" style=\"flex-basis:62%\">\n<div style=\"height:20px\" aria-hidden=\"true\" class=\"wp-block-spacer\"><\/div>\n\n\n\n<h2 class=\"has-text-align-left has-neve-text-color-color has-text-color wp-block-heading\">Krivi\u010dno pravo<\/h2>\n\n\n\n<p class=\"has-text-align-left has-neve-text-color-color has-text-color has-medium-font-size\">Poma\u017eem Vam u svim oblastima krivi\u010dnog prava. Brinem se o mojim klijentima i savetujem ih pri krivi\u010dnim istra\u017eivanjima i branim ih pred krivi\u010dnim sudovima svih stepena.<\/p>\n\n\n\n<div class=\"wp-block-buttons is-content-justification-left is-layout-flex wp-block-buttons-is-layout-flex\">\n<div class=\"wp-block-button is-style-primary\"><a class=\"wp-block-button__link\" href=\"https:\/\/www.simic-law.ch\/srb\/kontakt\/\">KONTAKT<\/a><\/div>\n<\/div>\n<\/div>\n<\/div>\n\n\n\n<div style=\"height:40px\" aria-hidden=\"true\" class=\"wp-block-spacer\"><\/div>\n<\/div><\/div>\n<\/div><\/div>\n\n<div class=\"wp-block-cover alignfull has-nv-light-bg-background-color has-background-dim\" style=\"min-height:600px;aspect-ratio:unset;\"><div class=\"wp-block-cover__inner-container is-layout-flow wp-block-cover-is-layout-flow\">\n<div class=\"wp-block-group\"><div class=\"wp-block-group__inner-container is-layout-flow wp-block-group-is-layout-flow\">\n<div style=\"height:80px\" aria-hidden=\"true\" class=\"wp-block-spacer\"><\/div>\n\n\n\n<div class=\"wp-block-columns are-vertically-aligned-center is-layout-flex wp-container-core-columns-is-layout-9d6595d7 wp-block-columns-is-layout-flex\">\n<div class=\"wp-block-column is-vertically-aligned-center is-layout-flow wp-block-column-is-layout-flow\" style=\"flex-basis:62%\">\n<h2 class=\"has-text-align-left has-neve-text-color-color has-text-color wp-block-heading\">Ugovorno pravo i op\u0161te privredno pravo<\/h2>\n\n\n\n<p class=\"has-text-align-left has-neve-text-color-color has-text-color has-medium-font-size\">Savetovanje u vezi ugovornog prava kao i prava trgova\u010dkog dru\u0161tva mojih klijenata obuhvata izradu i pregovaranje ugovora, ukoliko do\u0111e do spora sprovo\u0111enje i odbranu ugovornih zahteva i kona\u010dno op\u0161te savetovanje u vezi prava trgova\u010dkog dru\u0161tva.<\/p>\n\n\n\n<div class=\"wp-block-buttons is-content-justification-left is-layout-flex wp-block-buttons-is-layout-flex\">\n<div class=\"wp-block-button is-style-primary\"><a class=\"wp-block-button__link\" href=\"https:\/\/www.simic-law.ch\/srb\/kontakt\/\">KONTAKT<\/a><\/div>\n<\/div>\n\n\n\n<div style=\"height:40px\" aria-hidden=\"true\" class=\"wp-block-spacer\"><\/div>\n<\/div>\n\n\n\n<div class=\"wp-block-column is-vertically-aligned-center is-layout-flow wp-block-column-is-layout-flow\" style=\"flex-basis:38%\">\n<figure class=\"wp-block-image size-full\"><img loading=\"lazy\" decoding=\"async\" width=\"974\" height=\"974\" src=\"https:\/\/www.simic-law.ch\/wp-content\/uploads\/2021\/09\/vertragsrecht.jpg\" alt=\"\" class=\"wp-image-597\" srcset=\"https:\/\/www.simic-law.ch\/wp-content\/uploads\/2021\/09\/vertragsrecht.jpg 974w, https:\/\/www.simic-law.ch\/wp-content\/uploads\/2021\/09\/vertragsrecht-300x300.jpg 300w, https:\/\/www.simic-law.ch\/wp-content\/uploads\/2021\/09\/vertragsrecht-150x150.jpg 150w, https:\/\/www.simic-law.ch\/wp-content\/uploads\/2021\/09\/vertragsrecht-768x768.jpg 768w\" sizes=\"auto, (max-width: 974px) 100vw, 974px\" \/><\/figure><\/div>\n<\/div>\n\n\n\n<div style=\"height:40px\" aria-hidden=\"true\" class=\"wp-block-spacer\"><\/div>\n<\/div><\/div>\n<\/div><\/div>\n\n<div class=\"wp-block-cover alignfull has-nv-site-bg-background-color has-background-dim\" style=\"min-height:600px;aspect-ratio:unset;\"><div class=\"wp-block-cover__inner-container is-layout-flow wp-block-cover-is-layout-flow\">\n<div class=\"wp-block-group\"><div class=\"wp-block-group__inner-container is-layout-flow wp-block-group-is-layout-flow\">\n<div style=\"height:80px\" aria-hidden=\"true\" class=\"wp-block-spacer\"><\/div>\n\n\n\n<div class=\"wp-block-columns are-vertically-aligned-center is-layout-flex wp-container-core-columns-is-layout-9d6595d7 wp-block-columns-is-layout-flex\">\n<div class=\"wp-block-column is-vertically-aligned-center is-layout-flow wp-block-column-is-layout-flow\" style=\"flex-basis:38%\">\n<figure class=\"wp-block-image size-large\"><img loading=\"lazy\" decoding=\"async\" width=\"1024\" height=\"1024\" src=\"https:\/\/www.simic-law.ch\/wp-content\/uploads\/2021\/09\/auslaenderrecht-1024x1024.jpg\" alt=\"\" class=\"wp-image-599\" srcset=\"https:\/\/www.simic-law.ch\/wp-content\/uploads\/2021\/09\/auslaenderrecht-1024x1024.jpg 1024w, https:\/\/www.simic-law.ch\/wp-content\/uploads\/2021\/09\/auslaenderrecht-300x300.jpg 300w, https:\/\/www.simic-law.ch\/wp-content\/uploads\/2021\/09\/auslaenderrecht-150x150.jpg 150w, https:\/\/www.simic-law.ch\/wp-content\/uploads\/2021\/09\/auslaenderrecht-768x768.jpg 768w, https:\/\/www.simic-law.ch\/wp-content\/uploads\/2021\/09\/auslaenderrecht.jpg 1147w\" sizes=\"auto, (max-width: 1024px) 100vw, 1024px\" \/><\/figure><\/div>\n\n\n\n<div class=\"wp-block-column is-vertically-aligned-center is-layout-flow wp-block-column-is-layout-flow\" style=\"flex-basis:62%\">\n<div style=\"height:20px\" aria-hidden=\"true\" class=\"wp-block-spacer\"><\/div>\n\n\n\n<h2 class=\"has-text-align-left has-neve-text-color-color has-text-color wp-block-heading\">Pravo stranaca<\/h2>\n\n\n\n<p class=\"has-text-align-left has-neve-text-color-color has-text-color has-medium-font-size\">Usled mog dugogodi\u0161njeg iskustva u oblasti zakona o strancima nudim Vam kompetentno i anga\u017eovano pravno savetovanje kao i zastupanje pred migracionim slu\u017ebama svih kantona na svim stepenima.<\/p>\n\n\n\n<div class=\"wp-block-buttons is-content-justification-left is-layout-flex wp-block-buttons-is-layout-flex\">\n<div class=\"wp-block-button is-style-primary\"><a class=\"wp-block-button__link\" href=\"https:\/\/www.simic-law.ch\/srb\/kontakt\/\">KONTAKT<\/a><\/div>\n<\/div>\n<\/div>\n<\/div>\n\n\n\n<div style=\"height:40px\" aria-hidden=\"true\" class=\"wp-block-spacer\"><\/div>\n<\/div><\/div>\n<\/div><\/div>\n\n<div class=\"wp-block-cover alignfull has-nv-light-bg-background-color has-background-dim\" style=\"min-height:600px;aspect-ratio:unset;\"><div class=\"wp-block-cover__inner-container is-layout-flow wp-block-cover-is-layout-flow\">\n<div class=\"wp-block-group\"><div class=\"wp-block-group__inner-container is-layout-flow wp-block-group-is-layout-flow\">\n<div style=\"height:80px\" aria-hidden=\"true\" class=\"wp-block-spacer\"><\/div>\n\n\n\n<div class=\"wp-block-columns are-vertically-aligned-center is-layout-flex wp-container-core-columns-is-layout-9d6595d7 wp-block-columns-is-layout-flex\">\n<div class=\"wp-block-column is-vertically-aligned-center is-layout-flow wp-block-column-is-layout-flow\" style=\"flex-basis:62%\">\n<h2 class=\"has-text-align-left has-neve-text-color-color has-text-color wp-block-heading\">Radno pravo<\/h2>\n\n\n\n<p class=\"has-text-align-left has-neve-text-color-color has-text-color has-medium-font-size\">Savetujem i zastupam poslodavce i zaposlene u vezi svih pitanja privatnog radnog prava.<\/p>\n\n\n\n<div class=\"wp-block-buttons is-content-justification-left is-layout-flex wp-block-buttons-is-layout-flex\">\n<div class=\"wp-block-button is-style-primary\"><a class=\"wp-block-button__link\" href=\"https:\/\/www.simic-law.ch\/srb\/kontakt\/\">KONTAKT<\/a><\/div>\n<\/div>\n\n\n\n<div style=\"height:40px\" aria-hidden=\"true\" class=\"wp-block-spacer\"><\/div>\n<\/div>\n\n\n\n<div class=\"wp-block-column is-vertically-aligned-center is-layout-flow wp-block-column-is-layout-flow\" style=\"flex-basis:38%\">\n<figure class=\"wp-block-image size-large\"><img loading=\"lazy\" decoding=\"async\" width=\"1024\" height=\"1024\" src=\"https:\/\/www.simic-law.ch\/wp-content\/uploads\/2021\/09\/gesellschaftsrecht-1024x1024.jpg\" alt=\"\" class=\"wp-image-600\" srcset=\"https:\/\/www.simic-law.ch\/wp-content\/uploads\/2021\/09\/gesellschaftsrecht-1024x1024.jpg 1024w, https:\/\/www.simic-law.ch\/wp-content\/uploads\/2021\/09\/gesellschaftsrecht-300x300.jpg 300w, https:\/\/www.simic-law.ch\/wp-content\/uploads\/2021\/09\/gesellschaftsrecht-150x150.jpg 150w, https:\/\/www.simic-law.ch\/wp-content\/uploads\/2021\/09\/gesellschaftsrecht-768x768.jpg 768w, https:\/\/www.simic-law.ch\/wp-content\/uploads\/2021\/09\/gesellschaftsrecht.jpg 1280w\" sizes=\"auto, (max-width: 1024px) 100vw, 1024px\" \/><\/figure><\/div>\n<\/div>\n\n\n\n<div style=\"height:40px\" aria-hidden=\"true\" class=\"wp-block-spacer\"><\/div>\n<\/div><\/div>\n<\/div><\/div>\n","protected":false},"excerpt":{"rendered":"","protected":false},"author":2,"featured_media":0,"parent":0,"menu_order":1,"comment_status":"closed","ping_status":"closed","template":"","meta":{"neve_meta_sidebar":"default","neve_meta_container":"","neve_meta_enable_content_width":"on","neve_meta_content_width":100,"neve_meta_title_alignment":"","neve_meta_author_avatar":"","neve_post_elements_order":"","neve_meta_disable_header":"","neve_meta_disable_footer":"","neve_meta_disable_title":"on","neve_meta_reading_time":"","_ti_tpc_template_sync":false,"_ti_tpc_template_id":"","footnotes":""},"class_list":["post-713","page","type-page","status-publish","hentry"],"yoast_head":"<!-- This site is optimized with the Yoast SEO plugin v27.5 - https:\/\/yoast.com\/product\/yoast-seo-wordpress\/ -->\n<title>Oblasti rada - ANWALTSKANZLEI SIMIC<\/title>\n<meta name=\"robots\" content=\"index, follow, max-snippet:-1, max-image-preview:large, max-video-preview:-1\" \/>\n<link rel=\"canonical\" href=\"https:\/\/www.simic-law.ch\/srb\/ekspertiza\/\" \/>\n<meta property=\"og:locale\" content=\"en_US\" \/>\n<meta property=\"og:type\" content=\"article\" \/>\n<meta property=\"og:title\" content=\"Oblasti rada - ANWALTSKANZLEI SIMIC\" \/>\n<meta property=\"og:url\" content=\"https:\/\/www.simic-law.ch\/srb\/ekspertiza\/\" \/>\n<meta property=\"og:site_name\" content=\"ANWALTSKANZLEI SIMIC\" \/>\n<meta property=\"article:modified_time\" content=\"2021-10-11T17:45:25+00:00\" \/>\n<meta property=\"og:image\" content=\"https:\/\/www.simic-law.ch\/wp-content\/uploads\/2021\/09\/trennungen-scheidungen-1024x1024.jpg\" \/>\n<meta name=\"twitter:card\" content=\"summary_large_image\" \/>\n<meta name=\"twitter:label1\" content=\"Est. reading time\" \/>\n\t<meta name=\"twitter:data1\" content=\"1 minute\" \/>\n<script type=\"application\/ld+json\" class=\"yoast-schema-graph\">{\"@context\":\"https:\\\/\\\/schema.org\",\"@graph\":[{\"@type\":\"WebPage\",\"@id\":\"https:\\\/\\\/www.simic-law.ch\\\/srb\\\/ekspertiza\\\/\",\"url\":\"https:\\\/\\\/www.simic-law.ch\\\/srb\\\/ekspertiza\\\/\",\"name\":\"Oblasti rada - ANWALTSKANZLEI SIMIC\",\"isPartOf\":{\"@id\":\"https:\\\/\\\/www.simic-law.ch\\\/#website\"},\"primaryImageOfPage\":{\"@id\":\"https:\\\/\\\/www.simic-law.ch\\\/srb\\\/ekspertiza\\\/#primaryimage\"},\"image\":{\"@id\":\"https:\\\/\\\/www.simic-law.ch\\\/srb\\\/ekspertiza\\\/#primaryimage\"},\"thumbnailUrl\":\"https:\\\/\\\/www.simic-law.ch\\\/wp-content\\\/uploads\\\/2021\\\/09\\\/trennungen-scheidungen-1024x1024.jpg\",\"datePublished\":\"2021-10-06T18:51:39+00:00\",\"dateModified\":\"2021-10-11T17:45:25+00:00\",\"breadcrumb\":{\"@id\":\"https:\\\/\\\/www.simic-law.ch\\\/srb\\\/ekspertiza\\\/#breadcrumb\"},\"inLanguage\":\"sr-SR\",\"potentialAction\":[{\"@type\":\"ReadAction\",\"target\":[\"https:\\\/\\\/www.simic-law.ch\\\/srb\\\/ekspertiza\\\/\"]}]},{\"@type\":\"ImageObject\",\"inLanguage\":\"sr-SR\",\"@id\":\"https:\\\/\\\/www.simic-law.ch\\\/srb\\\/ekspertiza\\\/#primaryimage\",\"url\":\"https:\\\/\\\/www.simic-law.ch\\\/wp-content\\\/uploads\\\/2021\\\/09\\\/trennungen-scheidungen-1024x1024.jpg\",\"contentUrl\":\"https:\\\/\\\/www.simic-law.ch\\\/wp-content\\\/uploads\\\/2021\\\/09\\\/trennungen-scheidungen-1024x1024.jpg\"},{\"@type\":\"BreadcrumbList\",\"@id\":\"https:\\\/\\\/www.simic-law.ch\\\/srb\\\/ekspertiza\\\/#breadcrumb\",\"itemListElement\":[{\"@type\":\"ListItem\",\"position\":1,\"name\":\"Startseite\",\"item\":\"https:\\\/\\\/www.simic-law.ch\\\/srb\\\/\"},{\"@type\":\"ListItem\",\"position\":2,\"name\":\"Oblasti rada\"}]},{\"@type\":\"WebSite\",\"@id\":\"https:\\\/\\\/www.simic-law.ch\\\/#website\",\"url\":\"https:\\\/\\\/www.simic-law.ch\\\/\",\"name\":\"ANWALTSKANZLEI SIMIC\",\"description\":\"Aleksandar Simic, lic. iur. Rechtsanwalt\",\"potentialAction\":[{\"@type\":\"SearchAction\",\"target\":{\"@type\":\"EntryPoint\",\"urlTemplate\":\"https:\\\/\\\/www.simic-law.ch\\\/?s={search_term_string}\"},\"query-input\":{\"@type\":\"PropertyValueSpecification\",\"valueRequired\":true,\"valueName\":\"search_term_string\"}}],\"inLanguage\":\"sr-SR\"}]}<\/script>\n<!-- \/ Yoast SEO plugin. -->","yoast_head_json":{"title":"Oblasti rada - ANWALTSKANZLEI SIMIC","robots":{"index":"index","follow":"follow","max-snippet":"max-snippet:-1","max-image-preview":"max-image-preview:large","max-video-preview":"max-video-preview:-1"},"canonical":"https:\/\/www.simic-law.ch\/srb\/ekspertiza\/","og_locale":"en_US","og_type":"article","og_title":"Oblasti rada - ANWALTSKANZLEI SIMIC","og_url":"https:\/\/www.simic-law.ch\/srb\/ekspertiza\/","og_site_name":"ANWALTSKANZLEI SIMIC","article_modified_time":"2021-10-11T17:45:25+00:00","og_image":[{"url":"https:\/\/www.simic-law.ch\/wp-content\/uploads\/2021\/09\/trennungen-scheidungen-1024x1024.jpg","type":"","width":"","height":""}],"twitter_card":"summary_large_image","twitter_misc":{"Est. reading time":"1 minute"},"schema":{"@context":"https:\/\/schema.org","@graph":[{"@type":"WebPage","@id":"https:\/\/www.simic-law.ch\/srb\/ekspertiza\/","url":"https:\/\/www.simic-law.ch\/srb\/ekspertiza\/","name":"Oblasti rada - ANWALTSKANZLEI SIMIC","isPartOf":{"@id":"https:\/\/www.simic-law.ch\/#website"},"primaryImageOfPage":{"@id":"https:\/\/www.simic-law.ch\/srb\/ekspertiza\/#primaryimage"},"image":{"@id":"https:\/\/www.simic-law.ch\/srb\/ekspertiza\/#primaryimage"},"thumbnailUrl":"https:\/\/www.simic-law.ch\/wp-content\/uploads\/2021\/09\/trennungen-scheidungen-1024x1024.jpg","datePublished":"2021-10-06T18:51:39+00:00","dateModified":"2021-10-11T17:45:25+00:00","breadcrumb":{"@id":"https:\/\/www.simic-law.ch\/srb\/ekspertiza\/#breadcrumb"},"inLanguage":"sr-SR","potentialAction":[{"@type":"ReadAction","target":["https:\/\/www.simic-law.ch\/srb\/ekspertiza\/"]}]},{"@type":"ImageObject","inLanguage":"sr-SR","@id":"https:\/\/www.simic-law.ch\/srb\/ekspertiza\/#primaryimage","url":"https:\/\/www.simic-law.ch\/wp-content\/uploads\/2021\/09\/trennungen-scheidungen-1024x1024.jpg","contentUrl":"https:\/\/www.simic-law.ch\/wp-content\/uploads\/2021\/09\/trennungen-scheidungen-1024x1024.jpg"},{"@type":"BreadcrumbList","@id":"https:\/\/www.simic-law.ch\/srb\/ekspertiza\/#breadcrumb","itemListElement":[{"@type":"ListItem","position":1,"name":"Startseite","item":"https:\/\/www.simic-law.ch\/srb\/"},{"@type":"ListItem","position":2,"name":"Oblasti rada"}]},{"@type":"WebSite","@id":"https:\/\/www.simic-law.ch\/#website","url":"https:\/\/www.simic-law.ch\/","name":"ANWALTSKANZLEI SIMIC","description":"Aleksandar Simic, lic. iur. Rechtsanwalt","potentialAction":[{"@type":"SearchAction","target":{"@type":"EntryPoint","urlTemplate":"https:\/\/www.simic-law.ch\/?s={search_term_string}"},"query-input":{"@type":"PropertyValueSpecification","valueRequired":true,"valueName":"search_term_string"}}],"inLanguage":"sr-SR"}]}},"_links":{"self":[{"href":"https:\/\/www.simic-law.ch\/srb\/wp-json\/wp\/v2\/pages\/713","targetHints":{"allow":["GET"]}}],"collection":[{"href":"https:\/\/www.simic-law.ch\/srb\/wp-json\/wp\/v2\/pages"}],"about":[{"href":"https:\/\/www.simic-law.ch\/srb\/wp-json\/wp\/v2\/types\/page"}],"author":[{"embeddable":true,"href":"https:\/\/www.simic-law.ch\/srb\/wp-json\/wp\/v2\/users\/2"}],"replies":[{"embeddable":true,"href":"https:\/\/www.simic-law.ch\/srb\/wp-json\/wp\/v2\/comments?post=713"}],"version-history":[{"count":1,"href":"https:\/\/www.simic-law.ch\/srb\/wp-json\/wp\/v2\/pages\/713\/revisions"}],"predecessor-version":[{"id":724,"href":"https:\/\/www.simic-law.ch\/srb\/wp-json\/wp\/v2\/pages\/713\/revisions\/724"}],"wp:attachment":[{"href":"https:\/\/www.simic-law.ch\/srb\/wp-json\/wp\/v2\/media?parent=713"}],"curies":[{"name":"wp","href":"https:\/\/api.w.org\/{rel}","templated":true}]}}