{"id":715,"date":"2021-10-06T20:49:01","date_gmt":"2021-10-06T18:49:01","guid":{"rendered":"https:\/\/asl.xindaya.ch\/home\/"},"modified":"2021-10-11T19:45:25","modified_gmt":"2021-10-11T17:45:25","slug":"home","status":"publish","type":"page","link":"https:\/\/www.simic-law.ch\/srb\/","title":{"rendered":"Pocetna"},"content":{"rendered":"\n<div class=\"wp-block-cover alignfull has-background-dim-70 has-neve-link-color-background-color has-background-dim\" style=\"min-height:480px;aspect-ratio:unset;\"><img loading=\"lazy\" decoding=\"async\" width=\"1280\" height=\"893\" class=\"wp-block-cover__image-background wp-image-584\" alt=\"\" src=\"https:\/\/www.simic-law.ch\/wp-content\/uploads\/2021\/09\/Eingang-0020294.jpg\" style=\"object-position:50% 64%\" data-object-fit=\"cover\" data-object-position=\"50% 64%\" srcset=\"https:\/\/www.simic-law.ch\/wp-content\/uploads\/2021\/09\/Eingang-0020294.jpg 1280w, https:\/\/www.simic-law.ch\/wp-content\/uploads\/2021\/09\/Eingang-0020294-300x209.jpg 300w, https:\/\/www.simic-law.ch\/wp-content\/uploads\/2021\/09\/Eingang-0020294-1024x714.jpg 1024w, https:\/\/www.simic-law.ch\/wp-content\/uploads\/2021\/09\/Eingang-0020294-768x536.jpg 768w\" sizes=\"auto, (max-width: 1280px) 100vw, 1280px\" \/><div class=\"wp-block-cover__inner-container is-layout-flow wp-block-cover-is-layout-flow\">\n<div style=\"height:80px\" aria-hidden=\"true\" class=\"wp-block-spacer\"><\/div>\n\n\n\n<h1 class=\"has-text-align-left has-nv-site-bg-color has-text-color wp-block-heading\"><strong>Dobrodo\u0161li <\/strong><\/h1>\n\n\n\n<h3 class=\"has-text-align-left has-nv-site-bg-color has-text-color wp-block-heading\"><strong>Advokatska kancelarija Simi\u0107 &#8211; Va\u0161 advokat u Cirihu<\/strong><\/h3>\n\n\n\n<div class=\"wp-block-buttons is-content-justification-left is-layout-flex wp-block-buttons-is-layout-flex\">\n<div class=\"wp-block-button is-style-primary\"><a class=\"wp-block-button__link\" href=\"#vertretung-beratung\">SAZNAJTE VI\u0160E<\/a><\/div>\n\n\n\n<div class=\"wp-block-button is-style-default\"><a class=\"wp-block-button__link has-neve-link-color-color has-nv-site-bg-background-color has-text-color has-background\" href=\"https:\/\/www.simic-law.ch\/srb\/kontakt\/\">KONTAKT<\/a><\/div>\n<\/div>\n\n\n\n<div style=\"height:80px\" aria-hidden=\"true\" class=\"wp-block-spacer\"><\/div>\n\n\n\n<p><\/p>\n<\/div><\/div>\n\n<div class=\"wp-block-cover alignfull has-nv-light-bg-background-color has-background-dim\" style=\"min-height:300px;aspect-ratio:unset;\"><div class=\"wp-block-cover__inner-container is-layout-flow wp-block-cover-is-layout-flow\">\n<div style=\"height:140px\" aria-hidden=\"true\" class=\"wp-block-spacer\"><\/div>\n\n\n\n<h2 class=\"has-text-align-left has-neve-link-color-color has-text-color wp-block-heading\" id=\"vertretung-beratung\">Savetovanje i zastupanje<\/h2>\n\n\n\n<div class=\"wp-block-columns is-layout-flex wp-container-core-columns-is-layout-9d6595d7 wp-block-columns-is-layout-flex\">\n<div class=\"wp-block-column is-layout-flow wp-block-column-is-layout-flow\" style=\"flex-basis:62%\">\n<p class=\"has-neve-link-color-color has-text-color has-medium-font-size\">Moja kancelarija nudi doma\u0107im i inostranim klijentima pravno savetovanje i zastupanje pred svim sudovima u celom podru\u010dju \u0160vajcarske. Porodi\u010dno pravo, krivi\u010dno pravo i ugovorno pravo kao i op\u0161te privredno pravo, pravo stranaca i radno pravo su najglavnija podru\u010dja u kojima radimo. <\/p>\n\n\n\n<p class=\"has-neve-link-color-color has-text-color has-medium-font-size\">Imam dugogodi\u0161nje iskustvo u advokatskoj praksi. Osim toga imam izvrsne kontakte sa doma\u0107im i inostranim kancelarijama kao i sa specijalistima u privredi i pravu, tako da mogu da Vam obezbedim op\u0161irne usluge.<\/p>\n\n\n\n<div class=\"wp-block-buttons is-content-justification-left is-layout-flex wp-block-buttons-is-layout-flex\">\n<div class=\"wp-block-button is-style-primary\"><a class=\"wp-block-button__link\" href=\"https:\/\/www.simic-law.ch\/srb\/kontakt\/\">KONTAKT<\/a><\/div>\n<\/div>\n\n\n\n<div style=\"height:100px\" aria-hidden=\"true\" class=\"wp-block-spacer\"><\/div>\n<\/div>\n\n\n\n<div class=\"wp-block-column is-layout-flow wp-block-column-is-layout-flow\" style=\"flex-basis:38%\">\n<figure class=\"wp-block-image size-large\"><img loading=\"lazy\" decoding=\"async\" width=\"1024\" height=\"714\" src=\"https:\/\/www.simic-law.ch\/wp-content\/uploads\/2021\/09\/Fassade-0020295-1024x714.jpg\" alt=\"\" class=\"wp-image-585\" srcset=\"https:\/\/www.simic-law.ch\/wp-content\/uploads\/2021\/09\/Fassade-0020295-1024x714.jpg 1024w, https:\/\/www.simic-law.ch\/wp-content\/uploads\/2021\/09\/Fassade-0020295-300x209.jpg 300w, https:\/\/www.simic-law.ch\/wp-content\/uploads\/2021\/09\/Fassade-0020295-768x536.jpg 768w, https:\/\/www.simic-law.ch\/wp-content\/uploads\/2021\/09\/Fassade-0020295.jpg 1280w\" sizes=\"auto, (max-width: 1024px) 100vw, 1024px\" \/><\/figure><\/div>\n<\/div>\n\n\n\n<div style=\"height:140px\" aria-hidden=\"true\" class=\"wp-block-spacer\"><\/div>\n<\/div><\/div>\n\n<div class=\"wp-block-cover alignfull has-nv-site-bg-background-color has-background-dim\" style=\"min-height:600px;aspect-ratio:unset;\"><div class=\"wp-block-cover__inner-container is-layout-flow wp-block-cover-is-layout-flow\">\n<div class=\"wp-block-group\"><div class=\"wp-block-group__inner-container is-layout-flow wp-block-group-is-layout-flow\">\n<div style=\"height:80px\" aria-hidden=\"true\" class=\"wp-block-spacer\"><\/div>\n\n\n\n<div class=\"wp-block-columns are-vertically-aligned-center is-layout-flex wp-container-core-columns-is-layout-9d6595d7 wp-block-columns-is-layout-flex\">\n<div class=\"wp-block-column is-vertically-aligned-center is-layout-flow wp-block-column-is-layout-flow\" style=\"flex-basis:38%\">\n<figure class=\"wp-block-image size-large\"><img loading=\"lazy\" decoding=\"async\" width=\"1024\" height=\"1024\" src=\"https:\/\/www.simic-law.ch\/wp-content\/uploads\/2021\/09\/aleksandar-simic-rechtsanwalt-1024x1024.jpg\" alt=\"\" class=\"wp-image-587\" srcset=\"https:\/\/www.simic-law.ch\/wp-content\/uploads\/2021\/09\/aleksandar-simic-rechtsanwalt-1024x1024.jpg 1024w, https:\/\/www.simic-law.ch\/wp-content\/uploads\/2021\/09\/aleksandar-simic-rechtsanwalt-300x300.jpg 300w, https:\/\/www.simic-law.ch\/wp-content\/uploads\/2021\/09\/aleksandar-simic-rechtsanwalt-150x150.jpg 150w, https:\/\/www.simic-law.ch\/wp-content\/uploads\/2021\/09\/aleksandar-simic-rechtsanwalt-768x768.jpg 768w, https:\/\/www.simic-law.ch\/wp-content\/uploads\/2021\/09\/aleksandar-simic-rechtsanwalt-1536x1536.jpg 1536w, https:\/\/www.simic-law.ch\/wp-content\/uploads\/2021\/09\/aleksandar-simic-rechtsanwalt.jpg 2024w\" sizes=\"auto, (max-width: 1024px) 100vw, 1024px\" \/><\/figure><\/div>\n\n\n\n<div class=\"wp-block-column is-vertically-aligned-center is-layout-flow wp-block-column-is-layout-flow\" style=\"flex-basis:62%\">\n<div style=\"height:20px\" aria-hidden=\"true\" class=\"wp-block-spacer\"><\/div>\n\n\n\n<h2 class=\"has-text-align-left has-neve-text-color-color has-text-color wp-block-heading\">O osobi<\/h2>\n\n\n\n<p class=\"has-text-align-left has-neve-text-color-color has-text-color has-medium-font-size\">Kao advokat u svojoj advokatskoj kancelariji, savetujem kompanije i privatna lica \u0161irom \u0160vajcarske.<\/p>\n\n\n\n<div class=\"wp-block-buttons is-content-justification-left is-layout-flex wp-block-buttons-is-layout-flex\">\n<div class=\"wp-block-button is-style-primary\"><a class=\"wp-block-button__link\" href=\"https:\/\/www.simic-law.ch\/srb\/zur-person\/\">SAZNAJTE VI\u0160E<\/a><\/div>\n<\/div>\n<\/div>\n<\/div>\n\n\n\n<div style=\"height:40px\" aria-hidden=\"true\" class=\"wp-block-spacer\"><\/div>\n<\/div><\/div>\n<\/div><\/div>\n\n<div class=\"wp-block-cover alignfull has-neve-link-color-background-color has-background-dim\" style=\"min-height:600px;aspect-ratio:unset;\"><div class=\"wp-block-cover__inner-container is-layout-flow wp-block-cover-is-layout-flow\">\n<div class=\"wp-block-group\"><div class=\"wp-block-group__inner-container is-layout-flow wp-block-group-is-layout-flow\">\n<div style=\"height:80px\" aria-hidden=\"true\" class=\"wp-block-spacer\"><\/div>\n\n\n\n<div class=\"wp-block-columns are-vertically-aligned-center is-layout-flex wp-container-core-columns-is-layout-9d6595d7 wp-block-columns-is-layout-flex\">\n<div class=\"wp-block-column is-vertically-aligned-center is-layout-flow wp-block-column-is-layout-flow\" style=\"flex-basis:62%\">\n<h2 class=\"has-nv-light-bg-color has-text-color wp-block-heading\">Fokus rada<\/h2>\n\n\n\n<ul class=\"has-medium-font-size wp-block-list\"><li>Razvodi i razdvajanje bra\u010dne zajednice<\/li><li>Krivi\u010dno pravo<\/li><li>Ugovorno pravo i op\u0161te privredno pravo<\/li><li>Pravo stranaca<\/li><li>Radno pravo<\/li><\/ul>\n\n\n<div style=\"height:20px\" aria-hidden=\"true\" class=\"wp-block-spacer\"><\/div>\n\n\n\n<div class=\"wp-block-buttons is-layout-flex wp-block-buttons-is-layout-flex\">\n<div class=\"wp-block-button is-style-default\"><a class=\"wp-block-button__link has-neve-link-color-color has-nv-site-bg-background-color has-text-color has-background\" href=\"https:\/\/www.simic-law.ch\/srb\/ekspertiza\/\">SAZNAJTE VI\u0160E<\/a><\/div>\n<\/div>\n\n\n\n<div style=\"height:20px\" aria-hidden=\"true\" class=\"wp-block-spacer\"><\/div>\n<\/div>\n\n\n\n<div class=\"wp-block-column is-vertically-aligned-center is-layout-flow wp-block-column-is-layout-flow\" style=\"flex-basis:38%\">\n<figure class=\"wp-block-image size-full\"><img loading=\"lazy\" decoding=\"async\" width=\"1024\" height=\"1024\" src=\"https:\/\/www.simic-law.ch\/wp-content\/uploads\/2021\/10\/fachgebiete.jpg\" alt=\"\" class=\"wp-image-634\" srcset=\"https:\/\/www.simic-law.ch\/wp-content\/uploads\/2021\/10\/fachgebiete.jpg 1024w, https:\/\/www.simic-law.ch\/wp-content\/uploads\/2021\/10\/fachgebiete-300x300.jpg 300w, https:\/\/www.simic-law.ch\/wp-content\/uploads\/2021\/10\/fachgebiete-150x150.jpg 150w, https:\/\/www.simic-law.ch\/wp-content\/uploads\/2021\/10\/fachgebiete-768x768.jpg 768w\" sizes=\"auto, (max-width: 1024px) 100vw, 1024px\" \/><\/figure><\/div>\n<\/div>\n\n\n\n<div style=\"height:40px\" aria-hidden=\"true\" class=\"wp-block-spacer\"><\/div>\n<\/div><\/div>\n<\/div><\/div>\n","protected":false},"excerpt":{"rendered":"","protected":false},"author":2,"featured_media":0,"parent":0,"menu_order":0,"comment_status":"closed","ping_status":"closed","template":"","meta":{"neve_meta_sidebar":"default","neve_meta_container":"","neve_meta_enable_content_width":"on","neve_meta_content_width":100,"neve_meta_title_alignment":"","neve_meta_author_avatar":"","neve_post_elements_order":"","neve_meta_disable_header":"","neve_meta_disable_footer":"","neve_meta_disable_title":"on","neve_meta_reading_time":"","_ti_tpc_template_sync":false,"_ti_tpc_template_id":"","footnotes":""},"class_list":["post-715","page","type-page","status-publish","hentry"],"yoast_head":"<!-- This site is optimized with the Yoast SEO plugin v27.5 - https:\/\/yoast.com\/product\/yoast-seo-wordpress\/ -->\n<title>Pocetna - ANWALTSKANZLEI SIMIC<\/title>\n<meta name=\"robots\" content=\"index, follow, max-snippet:-1, max-image-preview:large, max-video-preview:-1\" \/>\n<link rel=\"canonical\" href=\"https:\/\/www.simic-law.ch\/srb\/\" \/>\n<meta property=\"og:locale\" content=\"en_US\" \/>\n<meta property=\"og:type\" content=\"article\" \/>\n<meta property=\"og:title\" content=\"Pocetna - ANWALTSKANZLEI SIMIC\" \/>\n<meta property=\"og:url\" content=\"https:\/\/www.simic-law.ch\/srb\/\" \/>\n<meta property=\"og:site_name\" content=\"ANWALTSKANZLEI SIMIC\" \/>\n<meta property=\"article:modified_time\" content=\"2021-10-11T17:45:25+00:00\" \/>\n<meta property=\"og:image\" content=\"https:\/\/www.simic-law.ch\/wp-content\/uploads\/2021\/09\/Eingang-0020294.jpg\" \/>\n<meta name=\"twitter:card\" content=\"summary_large_image\" \/>\n<meta name=\"twitter:label1\" content=\"Est. reading time\" \/>\n\t<meta name=\"twitter:data1\" content=\"1 minute\" \/>\n<script type=\"application\/ld+json\" class=\"yoast-schema-graph\">{\"@context\":\"https:\\\/\\\/schema.org\",\"@graph\":[{\"@type\":\"WebPage\",\"@id\":\"https:\\\/\\\/www.simic-law.ch\\\/srb\\\/\",\"url\":\"https:\\\/\\\/www.simic-law.ch\\\/srb\\\/\",\"name\":\"Pocetna - ANWALTSKANZLEI SIMIC\",\"isPartOf\":{\"@id\":\"https:\\\/\\\/www.simic-law.ch\\\/#website\"},\"primaryImageOfPage\":{\"@id\":\"https:\\\/\\\/www.simic-law.ch\\\/srb\\\/#primaryimage\"},\"image\":{\"@id\":\"https:\\\/\\\/www.simic-law.ch\\\/srb\\\/#primaryimage\"},\"thumbnailUrl\":\"https:\\\/\\\/www.simic-law.ch\\\/wp-content\\\/uploads\\\/2021\\\/09\\\/Eingang-0020294.jpg\",\"datePublished\":\"2021-10-06T18:49:01+00:00\",\"dateModified\":\"2021-10-11T17:45:25+00:00\",\"breadcrumb\":{\"@id\":\"https:\\\/\\\/www.simic-law.ch\\\/srb\\\/#breadcrumb\"},\"inLanguage\":\"sr-SR\",\"potentialAction\":[{\"@type\":\"ReadAction\",\"target\":[\"https:\\\/\\\/www.simic-law.ch\\\/srb\\\/\"]}]},{\"@type\":\"ImageObject\",\"inLanguage\":\"sr-SR\",\"@id\":\"https:\\\/\\\/www.simic-law.ch\\\/srb\\\/#primaryimage\",\"url\":\"https:\\\/\\\/www.simic-law.ch\\\/wp-content\\\/uploads\\\/2021\\\/09\\\/Eingang-0020294.jpg\",\"contentUrl\":\"https:\\\/\\\/www.simic-law.ch\\\/wp-content\\\/uploads\\\/2021\\\/09\\\/Eingang-0020294.jpg\"},{\"@type\":\"BreadcrumbList\",\"@id\":\"https:\\\/\\\/www.simic-law.ch\\\/srb\\\/#breadcrumb\",\"itemListElement\":[{\"@type\":\"ListItem\",\"position\":1,\"name\":\"Startseite\",\"item\":\"https:\\\/\\\/www.simic-law.ch\\\/srb\\\/\"},{\"@type\":\"ListItem\",\"position\":2,\"name\":\"Pocetna\"}]},{\"@type\":\"WebSite\",\"@id\":\"https:\\\/\\\/www.simic-law.ch\\\/#website\",\"url\":\"https:\\\/\\\/www.simic-law.ch\\\/\",\"name\":\"ANWALTSKANZLEI SIMIC\",\"description\":\"Aleksandar Simic, lic. iur. Rechtsanwalt\",\"potentialAction\":[{\"@type\":\"SearchAction\",\"target\":{\"@type\":\"EntryPoint\",\"urlTemplate\":\"https:\\\/\\\/www.simic-law.ch\\\/?s={search_term_string}\"},\"query-input\":{\"@type\":\"PropertyValueSpecification\",\"valueRequired\":true,\"valueName\":\"search_term_string\"}}],\"inLanguage\":\"sr-SR\"}]}<\/script>\n<!-- \/ Yoast SEO plugin. -->","yoast_head_json":{"title":"Pocetna - ANWALTSKANZLEI SIMIC","robots":{"index":"index","follow":"follow","max-snippet":"max-snippet:-1","max-image-preview":"max-image-preview:large","max-video-preview":"max-video-preview:-1"},"canonical":"https:\/\/www.simic-law.ch\/srb\/","og_locale":"en_US","og_type":"article","og_title":"Pocetna - ANWALTSKANZLEI SIMIC","og_url":"https:\/\/www.simic-law.ch\/srb\/","og_site_name":"ANWALTSKANZLEI SIMIC","article_modified_time":"2021-10-11T17:45:25+00:00","og_image":[{"url":"https:\/\/www.simic-law.ch\/wp-content\/uploads\/2021\/09\/Eingang-0020294.jpg","type":"","width":"","height":""}],"twitter_card":"summary_large_image","twitter_misc":{"Est. reading time":"1 minute"},"schema":{"@context":"https:\/\/schema.org","@graph":[{"@type":"WebPage","@id":"https:\/\/www.simic-law.ch\/srb\/","url":"https:\/\/www.simic-law.ch\/srb\/","name":"Pocetna - ANWALTSKANZLEI SIMIC","isPartOf":{"@id":"https:\/\/www.simic-law.ch\/#website"},"primaryImageOfPage":{"@id":"https:\/\/www.simic-law.ch\/srb\/#primaryimage"},"image":{"@id":"https:\/\/www.simic-law.ch\/srb\/#primaryimage"},"thumbnailUrl":"https:\/\/www.simic-law.ch\/wp-content\/uploads\/2021\/09\/Eingang-0020294.jpg","datePublished":"2021-10-06T18:49:01+00:00","dateModified":"2021-10-11T17:45:25+00:00","breadcrumb":{"@id":"https:\/\/www.simic-law.ch\/srb\/#breadcrumb"},"inLanguage":"sr-SR","potentialAction":[{"@type":"ReadAction","target":["https:\/\/www.simic-law.ch\/srb\/"]}]},{"@type":"ImageObject","inLanguage":"sr-SR","@id":"https:\/\/www.simic-law.ch\/srb\/#primaryimage","url":"https:\/\/www.simic-law.ch\/wp-content\/uploads\/2021\/09\/Eingang-0020294.jpg","contentUrl":"https:\/\/www.simic-law.ch\/wp-content\/uploads\/2021\/09\/Eingang-0020294.jpg"},{"@type":"BreadcrumbList","@id":"https:\/\/www.simic-law.ch\/srb\/#breadcrumb","itemListElement":[{"@type":"ListItem","position":1,"name":"Startseite","item":"https:\/\/www.simic-law.ch\/srb\/"},{"@type":"ListItem","position":2,"name":"Pocetna"}]},{"@type":"WebSite","@id":"https:\/\/www.simic-law.ch\/#website","url":"https:\/\/www.simic-law.ch\/","name":"ANWALTSKANZLEI SIMIC","description":"Aleksandar Simic, lic. iur. Rechtsanwalt","potentialAction":[{"@type":"SearchAction","target":{"@type":"EntryPoint","urlTemplate":"https:\/\/www.simic-law.ch\/?s={search_term_string}"},"query-input":{"@type":"PropertyValueSpecification","valueRequired":true,"valueName":"search_term_string"}}],"inLanguage":"sr-SR"}]}},"_links":{"self":[{"href":"https:\/\/www.simic-law.ch\/srb\/wp-json\/wp\/v2\/pages\/715","targetHints":{"allow":["GET"]}}],"collection":[{"href":"https:\/\/www.simic-law.ch\/srb\/wp-json\/wp\/v2\/pages"}],"about":[{"href":"https:\/\/www.simic-law.ch\/srb\/wp-json\/wp\/v2\/types\/page"}],"author":[{"embeddable":true,"href":"https:\/\/www.simic-law.ch\/srb\/wp-json\/wp\/v2\/users\/2"}],"replies":[{"embeddable":true,"href":"https:\/\/www.simic-law.ch\/srb\/wp-json\/wp\/v2\/comments?post=715"}],"version-history":[{"count":1,"href":"https:\/\/www.simic-law.ch\/srb\/wp-json\/wp\/v2\/pages\/715\/revisions"}],"predecessor-version":[{"id":729,"href":"https:\/\/www.simic-law.ch\/srb\/wp-json\/wp\/v2\/pages\/715\/revisions\/729"}],"wp:attachment":[{"href":"https:\/\/www.simic-law.ch\/srb\/wp-json\/wp\/v2\/media?parent=715"}],"curies":[{"name":"wp","href":"https:\/\/api.w.org\/{rel}","templated":true}]}}