{"id":827,"date":"2021-10-22T17:17:46","date_gmt":"2021-10-22T15:17:46","guid":{"rendered":"https:\/\/www.simic-law.ch\/smernice-privatnosti\/"},"modified":"2021-10-22T17:17:48","modified_gmt":"2021-10-22T15:17:48","slug":"smernice-privatnosti","status":"publish","type":"page","link":"https:\/\/www.simic-law.ch\/srb\/smernice-privatnosti\/","title":{"rendered":"Smernice privatnosti"},"content":{"rendered":"\n<div class=\"wp-block-cover alignfull has-nv-site-bg-background-color has-background-dim\" style=\"min-height:300px;aspect-ratio:unset;\"><div class=\"wp-block-cover__inner-container is-layout-flow wp-block-cover-is-layout-flow\">\n<h1 class=\"has-text-align-left has-neve-link-color-color has-text-color wp-block-heading\"><strong>Smernice privatnosti <\/strong><\/h1>\n<\/div><\/div>\n\n<div class=\"wp-block-cover alignfull has-nv-light-bg-background-color has-background-dim\" style=\"min-height:600px;aspect-ratio:unset;\"><div class=\"wp-block-cover__inner-container is-layout-flow wp-block-cover-is-layout-flow\">\n<div class=\"wp-block-group\"><div class=\"wp-block-group__inner-container is-layout-flow wp-block-group-is-layout-flow\">\n<div style=\"height:80px\" aria-hidden=\"true\" class=\"wp-block-spacer\"><\/div>\n\n\n\n<div class=\"wp-block-columns are-vertically-aligned-center is-layout-flex wp-container-core-columns-is-layout-9d6595d7 wp-block-columns-is-layout-flex\">\n<div class=\"wp-block-column is-vertically-aligned-center is-layout-flow wp-block-column-is-layout-flow\" style=\"flex-basis:62%\">\n<p class=\"has-neve-link-color-color has-text-color has-medium-font-size\"><meta charset=\"utf-8\"\/><strong>Osnovne<\/strong><\/p>\n\n\n\n<p class=\"has-neve-link-color-color has-text-color has-medium-font-size\">Ova smernice privatnostije namenjena informisanju korisnika ove veb lokacije o prirodi, obimu i svrsi prikupljanja i kori\u0161\u0107enja li\u010dnih podataka od strane advokatske firme operatera veb sajta Simi\u0107.<\/p>\n\n\n\n<p class=\"has-neve-link-color-color has-text-color has-medium-font-size\">Operater Veb lokacije veoma ozbiljno shvata va\u0161u za\u0161titu podataka i tretira va\u0161e li\u010dne podatke poverljivo i u skladu sa zakonskim odredbama. S obzirom na to da nove tehnologije i stalni dalji razvoj ovog veb sajta mogu da promene ovu deklaraciju o za\u0161titi podataka, preporu\u010dujemo da deklaraciju o za\u0161titi podataka ponovo pro\u010ditate u pravilnim intervalima.<\/p>\n\n\n\n<p class=\"has-neve-link-color-color has-text-color has-medium-font-size\">Definicije termina koji se koriste (e.B &#8220;li\u010dni podaci&#8221; ili &#8220;obrada&#8221;) mogu se prona\u0107i u oblasti Art. 4 GDPR.<\/p>\n\n\n\n<p class=\"has-neve-link-color-color has-text-color has-medium-font-size\"><strong>Pristup podacima<\/strong><\/p>\n\n\n\n<p class=\"has-neve-link-color-color has-text-color has-medium-font-size\">Mi, operater veb sajta ili dobavlja\u010d stranica, prikupljamo podatke o pristupu veb-sajtu na osnovu na\u0161eg legitimnog interesa (pogledajte Art. 6 para. 1 lit. f. GDPR) i \u010duvamo ih kao &#8220;datoteke evidencije servera&#8221; na serveru web sajta. Slede\u0107i podaci se evidentiraju na ovaj na\u010din:<\/p>\n\n\n\n<ul class=\"has-neve-link-color-color has-text-color has-medium-font-size wp-block-list\"><li>Pose\u0107ena Web lokacija<\/li><li>Vreme u vreme pristupa<\/li><li>Koli\u010dina podataka poslatih bajtovima<\/li><li>Izvor\/referenca iz koje ste do\u0161li na sajt<\/li><li>Kori\u0161\u0107eni pregleda\u010d<\/li><li>Operativni sistem koji se koristi<\/li><li>Kori\u0161\u0107ena IP adresa<\/li><\/ul>\n\n\n\n<p class=\"has-neve-link-color-color has-text-color has-medium-font-size\">Datoteke evidencije servera se \u010duvaju najvi\u0161e 7 dana, a zatim bri\u0161u. Podaci se \u010duvaju iz bezbednosnih razloga kako bi mogli da razjasne e.B slu\u010dajeve zloupotrebe. Ako podaci moraju da se \u010duvaju iz razloga dokaza, oni su isklju\u010deni iz brisanja dok se incident kona\u010dno ne razjasni.<\/p>\n\n\n\n<p class=\"has-neve-link-color-color has-text-color has-medium-font-size\"><strong>Rukovanje kontakt podacima<\/strong><\/p>\n\n\n\n<p class=\"has-neve-link-color-color has-text-color has-medium-font-size\">Ukoliko nas kontaktirate kao operatera Veb lokacije putem ponu\u0111enih opcija kontakta, va\u0161i detalji \u0107e biti sa\u010duvani tako da mogu da se koriste za obradu i odgovor na va\u0161 zahtev. Bez va\u0161eg pristanka, ti podaci ne\u0107e biti prosle\u0111eni tre\u0107im licima.<\/p>\n\n\n\n<p class=\"has-neve-link-color-color has-text-color has-medium-font-size\"><strong>Reach Measurement &amp; Cookies<\/strong><\/p>\n\n\n\n<p class=\"has-neve-link-color-color has-text-color has-medium-font-size\">Ova veb lokacija koristi kola\u010di\u0107e za pseudonimizovano merenje opsega, koji se prenose sa na\u0161eg servera ili servera tre\u0107ih lica na pregleda\u010d korisnika. Kola\u010di\u0107i su male datoteke koje su uskladi\u0161tene na va\u0161em ure\u0111aju. Va\u0161 pregleda\u010d pristupa ovim datotekama. Upotreba kola\u010di\u0107a pove\u0107ava user-friendliness i bezbednost ovog veb sajta.<\/p>\n\n\n\n<p class=\"has-neve-link-color-color has-text-color has-medium-font-size\">Ako ne \u017eelite da kola\u010di\u0107i budu uskladi\u0161teni na va\u0161em ure\u0111aju radi merenja opsega, mo\u017eete se usprotiviti kori\u0161\u0107enju ovih datoteka ovde:<\/p>\n\n\n\n<ul class=\"has-neve-link-color-color has-text-color has-medium-font-size wp-block-list\"><li>\u2022 Stranica za deaktivaciju kola\u010di\u0107a evropskog sajta: <a href=\"http:\/\/optout.networkadvertising.org\/?c=1#!\/\">http:\/\/optout.networkadvertising.org\/?c=1#!\/<\/a><\/li><\/ul>\n\n\n\n<p class=\"has-neve-link-color-color has-text-color has-medium-font-size\">Uobi\u010dajeni pregleda\u010di nude opciju postavljanja da ne dozvole kola\u010di\u0107e. Napomena: Nije garantovano da \u0107ete mo\u0107i da pristupite svim funkcijama ove Veb lokacije bez ograni\u010denja ako napravite odgovaraju\u0107e postavke.<\/p>\n\n\n\n<p class=\"has-neve-link-color-color has-text-color has-medium-font-size\"><strong>Prikupljanje i obrada li\u010dnih podataka<\/strong><\/p>\n\n\n\n<p class=\"has-neve-link-color-color has-text-color has-medium-font-size\">Operater Veb lokacije prikuplja, koristi i prenosi va\u0161e li\u010dne podatke samo ako je to zakonom dozvoljeno ili ako pristajete na prikupljanje podataka.<\/p>\n\n\n\n<p class=\"has-neve-link-color-color has-text-color has-medium-font-size\">Li\u010dni podaci obuhvataju sve informacije koje slu\u017ee za odre\u0111ivanje va\u0161e osobe i koje se mogu pratiti do vas \u2013 na primer, va\u0161e ime, e-adresa i broj telefona.<\/p>\n\n\n\n<p class=\"has-neve-link-color-color has-text-color has-medium-font-size\">Tako\u0111e mo\u017eete posetiti ovu Veb lokaciju bez pru\u017eanja li\u010dnih informacija. Me\u0111utim, da bismo pobolj\u0161ali na\u0161u ponudu na mre\u017ei, va\u0161e podatke o pristupu \u010duvamo na ovoj Veb lokaciji (bez li\u010dne reference). Ovaj pristupni podatak uklju\u010duje, na primer.B datoteku koju ste zahtevali ili ime dobavlja\u010da Internet usluga. Zbog poni\u0161tenja podataka, zaklju\u010dci o va\u0161oj osobi nisu mogu\u0107i.<\/p>\n\n\n\n<p class=\"has-neve-link-color-color has-text-color has-medium-font-size\">Prikupljaju se slede\u0107i podaci:<\/p>\n\n\n\n<ol class=\"has-neve-link-color-color has-text-color has-medium-font-size wp-block-list\"><li>Google Maps je integrisan na kontakt stranici.<\/li><\/ol>\n\n\n\n<p class=\"has-neve-link-color-color has-text-color has-medium-font-size\"><strong>Datoteke evidencije servera<\/strong><\/p>\n\n\n\n<p class=\"has-neve-link-color-color has-text-color has-medium-font-size\">Dobavlja\u010d sajta (cyon GmbH adresa: Brunng\u00e4sslein 12 CH \u2013 4052 Basel) automatski prikuplja i skladi\u0161ti informacije u takozvanim datotekama evidencije servera, koje nam va\u0161 pretra\u017eiva\u010d automatski prenosi. Ovo su:<\/p>\n\n\n\n<ul class=\"has-neve-link-color-color has-text-color has-medium-font-size wp-block-list\"><li>Tip pregleda\u010da i verzija pregleda\u010da<\/li><li>Operativni sistem koji se koristi<\/li><li>URL adresa referera<\/li><li>Ime glavnog ra\u010dunarskog ra\u010dunara koji pristupa<\/li><li>Vreme zahteva servera<\/li><\/ul>\n\n\n\n<p class=\"has-neve-link-color-color has-text-color has-medium-font-size\">Nije mogu\u0107e dodeliti ove podatke odre\u0111enim osobama. Ove podatke nije objedinjeno sa drugim izvorima podataka. Zadr\u017eavamo pravo da retrospektivno proverimo ove podatke ako postanemo svesni konkretnih indikacija o nelegalnoj upotrebi.<\/p>\n\n\n\n<p class=\"has-neve-link-color-color has-text-color has-medium-font-size\"><strong>Google Analytics<\/strong><\/p>\n\n\n\n<p class=\"has-neve-link-color-color has-text-color has-medium-font-size\">Na osnovu na\u0161ih legitimnih interesa, ovaj sajt koristi uslugu &#8220;Google Analytics&#8221;, koju nudi Google Inc. (1600 Amphitheatre Parkway Mountain View, CA 94043, SAD), za optimizaciju i analizu na\u0161e online ponude u okviru zna\u010denja Art. 6 1 lit. GDPR. Usluga (Google Analytics) koristi &#8220;kola\u010di\u0107e&#8221; \u2013 tekstualne datoteke koje su uskladi\u0161tene na va\u0161em ure\u0111aju. Informacije koje kola\u010di\u0107i prikupljaju obi\u010dno se \u0161alju na Google server u SAD i tamo skladi\u0161te. Usluga (Google Analytics) koristi \u201ekola\u010dic\u0301e\u201c &#8211; tekstualne datoteke koje se \u010duvaju na va\u0161em ure\u0111aju. Informacije koje prikupljaju kola\u010di\u0107i obi\u010dno se \u0161alju na Google server u SAD i tamo se \u010duvaju.<\/p>\n\n\n\n<p class=\"has-neve-link-color-color has-text-color has-medium-font-size\">Google LLC je u skladu sa evropskim zakonom o za\u0161titi podataka i sertifikovan je na osnovu Sporazuma o za\u0161titi privatnosti: https:\/\/www.privacyshield.gov\/participant?id=a2zt000000001L5AAI&amp;status=Active<\/p>\n\n\n\n<p class=\"has-neve-link-color-color has-text-color has-medium-font-size\">IP anonymization se primenjuje na ovu Web lokaciju. IP adresa korisnika bi\u0107e skra\u0107ena unutar zemalja \u010dlanica EU i Evropskog ekonomskog prostora i u drugim ugovorima o sporazumu. Samo u pojedina\u010dnim slu\u010dajevima je IP adresa koja se prvobitno ne mo\u017ee preneti u SAD na Google server i tamo skratiti. Ovo skra\u0107ivanje elimini\u0161e li\u010dnu referencu va\u0161e IP adrese. IP adresa korisnika koju prenosi pregleda\u010d ne kombinuje se sa drugim podacima koje je uskladi\u0161tio Google.<\/p>\n\n\n\n<p class=\"has-neve-link-color-color has-text-color has-medium-font-size\">U okviru sporazuma o podacima o porud\u017ebini, koji smo mi kao operater veb sajta zaklju\u010dili sa Google Inc., Google Inc. koristi prikupljene informacije za kreiranje procene kori\u0161\u0107enja veb sajtova i aktivnosti veb sajta i pru\u017ea usluge vezane za kori\u0161\u0107enje interneta.<\/p>\n\n\n\n<p class=\"has-neve-link-color-color has-text-color has-medium-font-size\">Podaci koje je Google prikupio u na\u0161e ime koriste se za procenu kori\u0161\u0107enja na\u0161e online ponude od strane pojedinih korisnika, e.B. za kreiranje izve\u0161taja o aktivnostima na sajtu u cilju pobolj\u0161anja na\u0161e online ponude.<\/p>\n\n\n\n<p class=\"has-neve-link-color-color has-text-color has-medium-font-size\">Imate mogu\u0107nost da spre\u010dite skladi\u0161tenje kola\u010di\u0107a na ure\u0111aju tako \u0161to \u0107ete napraviti odgovaraju\u0107a pode\u0161avanja u pregleda\u010du. Nije garantovano da \u0107ete mo\u0107i da pristupite svim funkcijama ove Veb lokacije bez ograni\u010denja ako va\u0161 pregleda\u010d ne dozvoljava kola\u010di\u0107e.<\/p>\n\n\n\n<p class=\"has-neve-link-color-color has-text-color has-medium-font-size\">Pored toga, mo\u017eete da koristite dodatnu komponentu pregleda\u010da da biste spre\u010dili da se informacije koje prikupljaju kola\u010di\u0107i (uklju\u010duju\u0107i i va\u0161u IP adresu) po\u0161alju na Google Inc. . i da ih koristi Google Inc. Slede\u0107a veza vodi do odgovaraju\u0107e dodatne komponente:: https:\/\/tools.google.com\/dlpage\/gaoptout?hl=de<\/p>\n\n\n\n<p class=\"has-neve-link-color-color has-text-color has-medium-font-size\">Ovde \u0107ete prona\u0107i dodatne informacije o kori\u0161\u0107enju podataka od strane kompanije Google Inc.:<\/p>\n\n\n\n<ul class=\"has-neve-link-color-color has-text-color has-medium-font-size wp-block-list\"><li>https:\/\/policies.google.com\/privacy\/partners?hl=de (podaci koje prikupljaju Google partneri)<\/li><li>https:\/\/adssettings.google.de\/authenticated (postavke o reklamama koje su vam prikazane)<\/li><li>https:\/\/policies.google.com\/technologies\/ads?hl=de (upotreba kola\u010di\u0107a u reklamama)<\/li><\/ul>\n\n\n\n<p class=\"has-neve-link-color-color has-text-color has-medium-font-size\"><strong>Kori\u0161\u0107enje podataka<\/strong><\/p>\n\n\n\n<p class=\"has-neve-link-color-color has-text-color has-medium-font-size\">Sve informacije koje dobijemo od vas mogu se koristiti na jedan od slede\u0107ih na\u010dina:<\/p>\n\n\n\n<ul class=\"has-neve-link-color-color has-text-color has-medium-font-size wp-block-list\"><li>Da bismo personalizovali va\u0161e iskustvo (va\u0161e informacije nam poma\u017eu da bolje odgovorimo na va\u0161e individualne potrebe)<\/li><li>Da bismo pobolj\u0161ali na\u0161 web sajt (konstantno te\u017eimo pobolj\u0161anju ponude na\u0161ih web sajtova na osnovu informacija i povratnih informacija koje dobijamo od vas)<\/li><\/ul>\n\n\n\n<p class=\"has-neve-link-color-color has-text-color has-medium-font-size\"><strong>Kako da za\u0161titimo va\u0161e podatke?<\/strong><\/p>\n\n\n\n<p class=\"has-neve-link-color-color has-text-color has-medium-font-size\">Koristimo razli\u010dite bezbednosne mere da bismo osigurali bezbednost va\u0161ih li\u010dnih informacija kada pristupate svojim li\u010dnim informacijama.<\/p>\n\n\n\n<p class=\"has-neve-link-color-color has-text-color has-medium-font-size\"><strong>Veze tre\u0107ih strana<\/strong><\/p>\n\n\n\n<p class=\"has-neve-link-color-color has-text-color has-medium-font-size\">Povremeno, po sopstvenom naho\u0111enju, mo\u017eemo ponuditi proizvode ili usluge tre\u0107ih lica na na\u0161em veb sajtu. Ove Veb lokacije nezavisnih proizvo\u0111a\u010da imaju odvojene i nezavisne smernice privatnosti. Stoga ne preuzimamo nikakvu odgovornost ili odgovornost za sadr\u017eaj i aktivnosti ovih povezanih lokacija. Ipak, trudimo se da za\u0161titimo integritet na\u0161eg veb sajta i da dobijemo povratne informacije na ovim Veb lokacijama.<\/p>\n\n\n\n<p class=\"has-neve-link-color-color has-text-color has-medium-font-size\"><strong>Otkrivanje podataka<\/strong><\/p>\n\n\n\n<p class=\"has-neve-link-color-color has-text-color has-medium-font-size\">Mi ne prodajemo, ne trgujemo niti prenosimo va\u0161e li\u010dne informacije tre\u0107im licima. To uklju\u010duje nepouzdana tre\u0107a lica koja nam poma\u017eu u vo\u0111enju veb sajta, vo\u0111enju na\u0161eg poslovanja ili servisiranju vas, sve dok se te strane sla\u017eu da ove informacije ostanu poverljive. Tako\u0111e \u0107emo podeliti va\u0161e informacije ako verujemo da je publikacija u skladu sa zakonskim zahtevima, u skladu sa na\u0161im smernicama za Veb lokacije ili \u0161titi na\u0161a prava, imovinska prava ili bezbednost drugih osoba. Me\u0111utim, informacije o posetiocima koje se ne mogu li\u010dno identifikovati mogu biti dostupne drugim stranama ili marketingu, ogla\u0161avanju ili drugim upotrebama.<\/p>\n\n\n\n<p class=\"has-neve-link-color-color has-text-color has-medium-font-size\"><strong>Prava korisnika<\/strong><\/p>\n\n\n\n<p class=\"has-neve-link-color-color has-text-color has-medium-font-size\">Kao korisnik, imate pravo da primate besplatne informacije o tome koji li\u010dni podaci su uskladi\u0161teni o vama na zahtev. Tako\u0111e imate pravo da ispravite neta\u010dne podatke i da li\u010dne podatke ograni\u010dite ili izbri\u0161ete. Ako je primenljivo, tako\u0111e mo\u017eete da iskoristite svoje pravo na prenosivost podataka. Ako verujete da su va\u0161i podaci nezakonito obra\u0111eni, mo\u017eete ulo\u017eiti \u017ealbu nadle\u017enom nadzornom organu.<\/p>\n\n\n\n<p class=\"has-neve-link-color-color has-text-color has-medium-font-size\"><strong>Politika privatnosti na mre\u017ei<\/strong><\/p>\n\n\n\n<p class=\"has-neve-link-color-color has-text-color has-medium-font-size\">Ova Politika privatnosti na mre\u017ei se odnosi samo na informacije prikupljene putem na\u0161eg veb sajta i veb usluga, a ne i na informacije prikupljene van mre\u017ee.<\/p>\n\n\n\n<p class=\"has-neve-link-color-color has-text-color has-medium-font-size\"><strong>Brisanje podataka<\/strong><\/p>\n\n\n\n<p class=\"has-neve-link-color-color has-text-color has-medium-font-size\">Ako se va\u0161 zahtev ne sudari sa zakonskom obavezom \u010duvanja podataka (e.B. zadr\u017eavanje podataka), imate pravo da izbri\u0161ete svoje podatke. Podaci koje smo uskladi\u0161tili bi\u0107e izbrisani ako vi\u0161e nisu potrebni za njegovu namenu i ako ne postoje statutarni periodi zadr\u017eavanja. Ako nije mogu\u0107e izvr\u0161iti brisanje zato \u0161to su podaci potrebni u dozvoljene pravne svrhe, obrada podataka \u0107e biti ograni\u010dena. U tom slu\u010daju, podaci \u0107e biti blokirani i ne\u0107e biti obra\u0111eni u druge svrhe.<\/p>\n\n\n\n<p class=\"has-neve-link-color-color has-text-color has-medium-font-size\"><strong>Pravo na objekat<\/strong><\/p>\n\n\n\n<p class=\"has-neve-link-color-color has-text-color has-medium-font-size\">Korisnici ovog veb sajta mogu da ostvare svoje pravo na prigovor i prigovor na obradu svojih li\u010dnih podataka u bilo kom trenutku.<\/p>\n\n\n\n<p class=\"has-neve-link-color-color has-text-color has-medium-font-size\">Ako \u017eelite ispravku, blokiranje, brisanje ili informacije o li\u010dnim podacima uskladi\u0161tenim o vama ili ako imate pitanja u vezi sa prikupljanjem, obradom ili kori\u0161\u0107enjem va\u0161ih li\u010dnih podataka ili ako \u017eelite da opozovete svoj pristanak, obratite se slede\u0107oj e-adresi: simic@simic-law.ch<\/p>\n\n\n\n<p class=\"has-neve-link-color-color has-text-color has-medium-font-size\">Kontakt se mo\u017ee napraviti na slede\u0107oj adresi:<\/p>\n\n\n\n<h3 class=\"has-neve-link-color-color has-text-color wp-block-heading\">Advokatska kancelarija Simi\u0107<\/h3>\n\n\n\n<p class=\"has-neve-link-color-color has-text-color has-medium-font-size\">lic. iur. Aleksandar Simic\u0301<br\/>Minervastrasse 19<br\/>CH-8032 Cirih<br\/>\u0160vajcarska<\/p>\n\n\n\n<p class=\"has-neve-link-color-color has-text-color has-medium-font-size\"><meta charset=\"utf-8\"\/>Tel. <a href=\"tel:+41442064020\">+41 44 206 40 20<\/a><\/p>\n\n\n\n<p class=\"has-neve-link-color-color has-text-color has-medium-font-size\">E-Mail <a href=\"mailto:simic@simic-law.ch\">simic@simic-law.ch<\/a><\/p>\n\n\n\n<p class=\"has-neve-link-color-color has-text-color has-medium-font-size\">Ove smernice su poslednji put izmenjene 01.10.2021.<\/p>\n\n\n\n<div style=\"height:40px\" aria-hidden=\"true\" class=\"wp-block-spacer\"><\/div>\n<\/div>\n\n\n\n<div class=\"wp-block-column is-vertically-aligned-center is-layout-flow wp-block-column-is-layout-flow\" style=\"flex-basis:38%\"><\/div>\n<\/div>\n\n\n\n<div style=\"height:40px\" aria-hidden=\"true\" class=\"wp-block-spacer\"><\/div>\n<\/div><\/div>\n<\/div><\/div>\n","protected":false},"excerpt":{"rendered":"","protected":false},"author":2,"featured_media":0,"parent":0,"menu_order":5,"comment_status":"closed","ping_status":"closed","template":"","meta":{"neve_meta_sidebar":"default","neve_meta_container":"","neve_meta_enable_content_width":"on","neve_meta_content_width":100,"neve_meta_title_alignment":"","neve_meta_author_avatar":"","neve_post_elements_order":"","neve_meta_disable_header":"","neve_meta_disable_footer":"","neve_meta_disable_title":"on","neve_meta_reading_time":"","_ti_tpc_template_sync":false,"_ti_tpc_template_id":"","footnotes":""},"class_list":["post-827","page","type-page","status-publish","hentry"],"yoast_head":"<!-- This site is optimized with the Yoast SEO plugin v27.5 - https:\/\/yoast.com\/product\/yoast-seo-wordpress\/ -->\n<title>Smernice privatnosti - ANWALTSKANZLEI SIMIC<\/title>\n<meta name=\"robots\" content=\"index, follow, max-snippet:-1, max-image-preview:large, max-video-preview:-1\" \/>\n<link rel=\"canonical\" href=\"https:\/\/www.simic-law.ch\/srb\/smernice-privatnosti\/\" \/>\n<meta property=\"og:locale\" content=\"en_US\" \/>\n<meta property=\"og:type\" content=\"article\" \/>\n<meta property=\"og:title\" content=\"Smernice privatnosti - ANWALTSKANZLEI SIMIC\" \/>\n<meta property=\"og:url\" content=\"https:\/\/www.simic-law.ch\/srb\/smernice-privatnosti\/\" \/>\n<meta property=\"og:site_name\" content=\"ANWALTSKANZLEI SIMIC\" \/>\n<meta property=\"article:modified_time\" content=\"2021-10-22T15:17:48+00:00\" \/>\n<meta name=\"twitter:card\" content=\"summary_large_image\" \/>\n<meta name=\"twitter:label1\" content=\"Est. reading time\" \/>\n\t<meta name=\"twitter:data1\" content=\"9 minutes\" \/>\n<script type=\"application\/ld+json\" class=\"yoast-schema-graph\">{\"@context\":\"https:\\\/\\\/schema.org\",\"@graph\":[{\"@type\":\"WebPage\",\"@id\":\"https:\\\/\\\/www.simic-law.ch\\\/srb\\\/smernice-privatnosti\\\/\",\"url\":\"https:\\\/\\\/www.simic-law.ch\\\/srb\\\/smernice-privatnosti\\\/\",\"name\":\"Smernice privatnosti - ANWALTSKANZLEI SIMIC\",\"isPartOf\":{\"@id\":\"https:\\\/\\\/www.simic-law.ch\\\/#website\"},\"datePublished\":\"2021-10-22T15:17:46+00:00\",\"dateModified\":\"2021-10-22T15:17:48+00:00\",\"breadcrumb\":{\"@id\":\"https:\\\/\\\/www.simic-law.ch\\\/srb\\\/smernice-privatnosti\\\/#breadcrumb\"},\"inLanguage\":\"sr-SR\",\"potentialAction\":[{\"@type\":\"ReadAction\",\"target\":[\"https:\\\/\\\/www.simic-law.ch\\\/srb\\\/smernice-privatnosti\\\/\"]}]},{\"@type\":\"BreadcrumbList\",\"@id\":\"https:\\\/\\\/www.simic-law.ch\\\/srb\\\/smernice-privatnosti\\\/#breadcrumb\",\"itemListElement\":[{\"@type\":\"ListItem\",\"position\":1,\"name\":\"Startseite\",\"item\":\"https:\\\/\\\/www.simic-law.ch\\\/srb\\\/\"},{\"@type\":\"ListItem\",\"position\":2,\"name\":\"Smernice privatnosti\"}]},{\"@type\":\"WebSite\",\"@id\":\"https:\\\/\\\/www.simic-law.ch\\\/#website\",\"url\":\"https:\\\/\\\/www.simic-law.ch\\\/\",\"name\":\"ANWALTSKANZLEI SIMIC\",\"description\":\"Aleksandar Simic, lic. iur. Rechtsanwalt\",\"potentialAction\":[{\"@type\":\"SearchAction\",\"target\":{\"@type\":\"EntryPoint\",\"urlTemplate\":\"https:\\\/\\\/www.simic-law.ch\\\/?s={search_term_string}\"},\"query-input\":{\"@type\":\"PropertyValueSpecification\",\"valueRequired\":true,\"valueName\":\"search_term_string\"}}],\"inLanguage\":\"sr-SR\"}]}<\/script>\n<!-- \/ Yoast SEO plugin. -->","yoast_head_json":{"title":"Smernice privatnosti - ANWALTSKANZLEI SIMIC","robots":{"index":"index","follow":"follow","max-snippet":"max-snippet:-1","max-image-preview":"max-image-preview:large","max-video-preview":"max-video-preview:-1"},"canonical":"https:\/\/www.simic-law.ch\/srb\/smernice-privatnosti\/","og_locale":"en_US","og_type":"article","og_title":"Smernice privatnosti - ANWALTSKANZLEI SIMIC","og_url":"https:\/\/www.simic-law.ch\/srb\/smernice-privatnosti\/","og_site_name":"ANWALTSKANZLEI SIMIC","article_modified_time":"2021-10-22T15:17:48+00:00","twitter_card":"summary_large_image","twitter_misc":{"Est. reading time":"9 minutes"},"schema":{"@context":"https:\/\/schema.org","@graph":[{"@type":"WebPage","@id":"https:\/\/www.simic-law.ch\/srb\/smernice-privatnosti\/","url":"https:\/\/www.simic-law.ch\/srb\/smernice-privatnosti\/","name":"Smernice privatnosti - ANWALTSKANZLEI SIMIC","isPartOf":{"@id":"https:\/\/www.simic-law.ch\/#website"},"datePublished":"2021-10-22T15:17:46+00:00","dateModified":"2021-10-22T15:17:48+00:00","breadcrumb":{"@id":"https:\/\/www.simic-law.ch\/srb\/smernice-privatnosti\/#breadcrumb"},"inLanguage":"sr-SR","potentialAction":[{"@type":"ReadAction","target":["https:\/\/www.simic-law.ch\/srb\/smernice-privatnosti\/"]}]},{"@type":"BreadcrumbList","@id":"https:\/\/www.simic-law.ch\/srb\/smernice-privatnosti\/#breadcrumb","itemListElement":[{"@type":"ListItem","position":1,"name":"Startseite","item":"https:\/\/www.simic-law.ch\/srb\/"},{"@type":"ListItem","position":2,"name":"Smernice privatnosti"}]},{"@type":"WebSite","@id":"https:\/\/www.simic-law.ch\/#website","url":"https:\/\/www.simic-law.ch\/","name":"ANWALTSKANZLEI SIMIC","description":"Aleksandar Simic, lic. iur. Rechtsanwalt","potentialAction":[{"@type":"SearchAction","target":{"@type":"EntryPoint","urlTemplate":"https:\/\/www.simic-law.ch\/?s={search_term_string}"},"query-input":{"@type":"PropertyValueSpecification","valueRequired":true,"valueName":"search_term_string"}}],"inLanguage":"sr-SR"}]}},"_links":{"self":[{"href":"https:\/\/www.simic-law.ch\/srb\/wp-json\/wp\/v2\/pages\/827","targetHints":{"allow":["GET"]}}],"collection":[{"href":"https:\/\/www.simic-law.ch\/srb\/wp-json\/wp\/v2\/pages"}],"about":[{"href":"https:\/\/www.simic-law.ch\/srb\/wp-json\/wp\/v2\/types\/page"}],"author":[{"embeddable":true,"href":"https:\/\/www.simic-law.ch\/srb\/wp-json\/wp\/v2\/users\/2"}],"replies":[{"embeddable":true,"href":"https:\/\/www.simic-law.ch\/srb\/wp-json\/wp\/v2\/comments?post=827"}],"version-history":[{"count":1,"href":"https:\/\/www.simic-law.ch\/srb\/wp-json\/wp\/v2\/pages\/827\/revisions"}],"predecessor-version":[{"id":828,"href":"https:\/\/www.simic-law.ch\/srb\/wp-json\/wp\/v2\/pages\/827\/revisions\/828"}],"wp:attachment":[{"href":"https:\/\/www.simic-law.ch\/srb\/wp-json\/wp\/v2\/media?parent=827"}],"curies":[{"name":"wp","href":"https:\/\/api.w.org\/{rel}","templated":true}]}}